{"id":7,"date":"2026-04-03T15:28:26","date_gmt":"2026-04-03T15:28:26","guid":{"rendered":"https:\/\/godgarlic.work\/?page_id=7"},"modified":"2026-04-03T15:32:57","modified_gmt":"2026-04-03T15:32:57","slug":"cm88-%f0%9f%8e%96%ef%b8%8f-dang-ky-cm88-com-nhan-ngay-thuong-888k","status":"publish","type":"page","link":"https:\/\/godgarlic.work\/","title":{"rendered":"CM88 \ud83c\udf96\ufe0f \u0110\u0103ng K\u00fd CM88.COM \u2013 Nh\u1eadn Ngay Th\u01b0\u1edfng 888K"},"content":{"rendered":"\n<div class=\"row\"  id=\"row-675816191\">\n\n\n\t<div id=\"col-2016191550\" class=\"col small-12 large-12\"  >\n\t\t\t\t<div class=\"col-inner\"  >\n\t\t\t\n\t\t\t\n\n<h1 style=\"text-align: center;\"><strong>CM88 \ud83c\udf96\ufe0f \u0110\u0103ng K\u00fd CM88.COM \u2013 Nh\u1eadn Ngay Th\u01b0\u1edfng 888K<\/strong><\/h1>\n<p style=\"text-align: left;\">CM88 l\u00e0 n\u1ec1n t\u1ea3ng gi\u1ea3i tr\u00ed tr\u1ef1c tuy\u1ebfn \u0111\u01b0\u1ee3c \u0111\u00f4ng \u0111\u1ea3o ng\u01b0\u1eddi d\u00f9ng tin ch\u1ecdn nh\u1edd giao di\u1ec7n th\u00e2n thi\u1ec7n v\u00e0 ho\u1ea1t \u0111\u1ed9ng \u1ed5n \u0111\u1ecbnh. H\u1ec7 th\u1ed1ng \u0111\u01b0\u1ee3c t\u1ed1i \u01b0u h\u00f3a gi\u00fap thao t\u00e1c d\u1ec5 d\u00e0ng tr\u00ean c\u1ea3 \u0111i\u1ec7n tho\u1ea1i l\u1eabn m\u00e1y t\u00ednh, ph\u00f9 h\u1ee3p v\u1edbi c\u1ea3 ng\u01b0\u1eddi m\u1edbi v\u00e0 ng\u01b0\u1eddi \u0111\u00e3 c\u00f3 kinh nghi\u1ec7m. Kho n\u1ed9i dung \u0111a d\u1ea1ng mang \u0111\u1ebfn tr\u1ea3i nghi\u1ec7m li\u1ec1n m\u1ea1ch v\u00e0 ti\u1ec7n l\u1ee3i trong su\u1ed1t qu\u00e1 tr\u00ecnh s\u1eed d\u1ee5ng.<\/p>\n\n\t\t<\/div>\n\t\t\t\t\t<\/div>\n\n\t\n\n<\/div>\n\n","protected":false},"excerpt":{"rendered":"","protected":false},"author":1,"featured_media":0,"parent":0,"menu_order":0,"comment_status":"closed","ping_status":"closed","template":"","meta":{"footnotes":""},"class_list":["post-7","page","type-page","status-publish","hentry"],"_links":{"self":[{"href":"https:\/\/godgarlic.work\/index.php\/wp-json\/wp\/v2\/pages\/7","targetHints":{"allow":["GET"]}}],"collection":[{"href":"https:\/\/godgarlic.work\/index.php\/wp-json\/wp\/v2\/pages"}],"about":[{"href":"https:\/\/godgarlic.work\/index.php\/wp-json\/wp\/v2\/types\/page"}],"author":[{"embeddable":true,"href":"https:\/\/godgarlic.work\/index.php\/wp-json\/wp\/v2\/users\/1"}],"replies":[{"embeddable":true,"href":"https:\/\/godgarlic.work\/index.php\/wp-json\/wp\/v2\/comments?post=7"}],"version-history":[{"count":3,"href":"https:\/\/godgarlic.work\/index.php\/wp-json\/wp\/v2\/pages\/7\/revisions"}],"predecessor-version":[{"id":12,"href":"https:\/\/godgarlic.work\/index.php\/wp-json\/wp\/v2\/pages\/7\/revisions\/12"}],"wp:attachment":[{"href":"https:\/\/godgarlic.work\/index.php\/wp-json\/wp\/v2\/media?parent=7"}],"curies":[{"name":"wp","href":"https:\/\/api.w.org\/{rel}","templated":true}]}}